{"id":2,"date":"2019-12-03T12:27:13","date_gmt":"2019-12-03T11:27:13","guid":{"rendered":"https:\/\/startup-getup.com\/?page_id=2"},"modified":"2024-04-25T17:19:29","modified_gmt":"2024-04-25T15:19:29","slug":"qui-sommes-nous","status":"publish","type":"page","link":"https:\/\/startup-getup.com\/en\/page-daccueil\/qui-sommes-nous\/","title":{"rendered":"Page d\u2019exemple"},"content":{"rendered":"<div id=\"pl-2\"  class=\"panel-layout\" ><div id=\"pg-2-0\"  class=\"panel-grid panel-has-style\" ><div style=\"padding: 100px 0; \" data-overlay=\"true\" data-overlay-color=\"#000000\" class=\"panel-row-style panel-row-style-for-2-0\" ><div id=\"pgc-2-0-0\"  class=\"panel-grid-cell\" ><div id=\"panel-2-0-0-0\" class=\"so-panel widget widget_sow-headline panel-first-child panel-last-child\" data-index=\"0\" ><div style=\"text-align: left;\" data-title-color=\"#443f3f\" data-headings-color=\"#002060\" class=\"panel-widget-style panel-widget-style-for-2-0-0-0\" ><div class=\"so-widget-sow-headline so-widget-sow-headline-default-43d2f8ed16fd\"><div class=\"sow-headline-container \">\n\t<h1 class='sow-headline'>Claire Maufrais <\/h1><\/div><\/div><\/div><\/div><\/div><div id=\"pgc-2-0-1\"  class=\"panel-grid-cell\" ><div id=\"panel-2-0-1-0\" class=\"so-panel widget widget_media_image panel-first-child panel-last-child\" data-index=\"1\" ><div style=\"text-align: left;\" data-title-color=\"#443f3f\" data-headings-color=\"#443f3f\" class=\"panel-widget-style panel-widget-style-for-2-0-1-0\" ><img width=\"150\" height=\"150\" src=\"https:\/\/startup-getup.com\/wp-content\/uploads\/2024\/04\/Claire2-150x150.jpg\" class=\"image wp-image-1021  attachment-thumbnail size-thumbnail\" alt=\"\" loading=\"lazy\" style=\"max-width: 100%; height: auto;\" \/><\/div><\/div><\/div><\/div><\/div><div id=\"pg-2-1\"  class=\"panel-grid panel-has-style\" ><div class=\"siteorigin-panels-stretch panel-row-style panel-row-style-for-2-1\" style=\"padding: 10px 0; \" data-stretch-type=\"full\" data-overlay=\"true\" data-overlay-color=\"#000000\" ><div id=\"pgc-2-1-0\"  class=\"panel-grid-cell panel-grid-cell-mobile-last\" ><div id=\"panel-2-1-0-0\" class=\"so-panel widget widget_sow-editor panel-first-child\" data-index=\"2\" ><div style=\"text-align: left;\" data-title-color=\"#443f3f\" data-headings-color=\"#002060\" class=\"panel-widget-style panel-widget-style-for-2-1-0-0\" ><div class=\"so-widget-sow-editor so-widget-sow-editor-base\">\n<div class=\"siteorigin-widget-tinymce textwidget\">\n\t<p>Entrepreneuse, salari\u00e9e, free-lance, alternante, employ\u00e9e, cadre, manager, cadre dirigeante, G\u00e9rante\u2026 En 2019, Claire a obtenu un Master II en Gestion des Ressources Humaines et Responsabilit\u00e9 Sociale des Entreprises \u00e0 L\u2019IAE de Paris-La Sorbonne.<\/p>\n<p>Elle a cr\u00e9e StartUp GetUp en 2019 avec pour ambition de contribuer \u00e0 la r\u00e9ussite des entreprises par l\u2019implication sociale.<\/p>\n<p>\"<em>J\u2019aime la diversit\u00e9 des cultures d\u2019entreprises.\u00a0 J\u2019adore travailler pour des startups engag\u00e9es. J\u2019aime accompagner les PME du domaine de l\u2019artisanat avec un savoir faire inimitable.<\/em><\/p>\n<p><em>Je suis admiratives et reconnaissante envers les salari\u00e9s et dirigeants d'entreprises \u00e0 mission et d'associations. <\/em><\/p>\n<p><em><strong>Participer \u00e0 la r\u00e9ussite de leurs projets sociaux donne du sens \u00e0 mon travail.<\/strong><\/em>\"<\/p>\n<\/div>\n<\/div><\/div><\/div><div id=\"panel-2-1-0-1\" class=\"so-panel widget widget_sow-headline\" data-index=\"3\" ><div style=\"text-align: left;\" data-title-color=\"#1d1d1b\" data-headings-color=\"#1d1d1b\" class=\"panel-widget-style panel-widget-style-for-2-1-0-1\" ><div class=\"so-widget-sow-headline so-widget-sow-headline-default-531a24b15b39\"><div class=\"sow-headline-container \">\n\t<\/div><\/div><\/div><\/div><div id=\"panel-2-1-0-2\" class=\"so-panel widget widget_sow-accordion panel-last-child\" data-index=\"4\" ><div style=\"text-align: center;\" data-title-color=\"#002060\" data-headings-color=\"#002060\" class=\"panel-widget-style panel-widget-style-for-2-1-0-2\" ><div class=\"so-widget-sow-accordion so-widget-sow-accordion-default-2199759cf852\"><div>\n\t<div class=\"sow-accordion\">\n\t\t\t<div class=\"sow-accordion-panel\"\n\t\t\t data-anchor=\"linterview-de-claire\">\n\t\t\t\t<div class=\"sow-accordion-panel-header-container\" role=\"heading\" aria-level=\"2\">\n\t\t\t\t\t<div class=\"sow-accordion-panel-header\" tabindex=\"0\" role=\"button\" id=\"accordion-label-linterview-de-claire\" aria-controls=\"accordion-content-linterview-de-claire\" aria-expanded=\"false\">\n\t\t\t\t\t\t<div class=\"sow-accordion-title sow-accordion-title-icon-left\">\n\t\t\t\t\t\t\t\t\t\t\t\t\t\tl'Interview de Claire\t\t\t\t\t\t\t\t\t\t\t\t\t<\/div>\n\t\t\t\t\t\t<div class=\"sow-accordion-open-close-button\">\n\t\t\t\t\t\t\t<div class=\"sow-accordion-open-button\">\n\t\t\t\t\t\t\t\t<span class=\"sow-icon-ionicons\" data-sow-icon=\"&#xf218;\"\n\t\t ><\/span>\t\t\t\t\t\t\t<\/div>\n\t\t\t\t\t\t\t<div class=\"sow-accordion-close-button\">\n\t\t\t\t\t\t\t\t<span class=\"sow-icon-ionicons\" data-sow-icon=\"&#xf209;\"\n\t\t ><\/span>\t\t\t\t\t\t\t<\/div>\n\t\t\t\t\t\t<\/div>\n\t\t\t\t\t<\/div>\n\t\t\t\t<\/div>\n\n\t\t\t<div class=\"sow-accordion-panel-content\" role=\"region\" aria-labelledby=\"accordion-label-linterview-de-claire\" id=\"accordion-content-linterview-de-claire\">\n\t\t\t\t<div class=\"sow-accordion-panel-border\" tabindex=\"0\">\n\t\t\t\t\t<p style=\"text-align: left;\"><strong>Tu as travaill\u00e9 dans le secteur parap\u00e9trolier, maintenant tu carbures \u00e0 quoi ?<\/strong><\/p>\n<p style=\"text-align: left;\">Toujours \u00e0 l\u2019\u00e9nergie mais renouvelable et durable cette fois-ci\u00a0!<\/p>\n<p style=\"text-align: left;\">Je carbure \u00e0 la reconnaissance et la RSE. Le travail est vital. Mon leitmotiv est d\u2019accompagner les organisations \u00e0 se recentrer sur cette notion essentielle de la relation de travail.<\/p>\n<p style=\"text-align: left;\"><strong>Avant tu faisais le tour du monde, en restant sur le territoire fran\u00e7ais tu ne crains pas de t'ennuyer ?<\/strong><\/p>\n<p style=\"text-align: left;\">C\u2019est amusant.\u00a0J\u2019ai commenc\u00e9 \u00e0 parcourir la plan\u00e8te en qu\u00eate d\u2019inspiration culturelle \u00e0 19 ans, voulant m\u2019\u00e9loigner de mes connaissances et trouver un autre apprentissage pour ouvrir mon esprit. Quand j\u2019ai cr\u00e9\u00e9 \u00ab\u00a0Terre de France et d\u2019Ailleurs\u00a0\u00bb mon associ\u00e9 sp\u00e9cialiste des s\u00e9jours en France m\u2019a propos\u00e9 de faire la tourn\u00e9e des r\u00e9gions fran\u00e7aises pour faire connaissance avec nos partenaires locaux. Ces d\u00e9couvertes ont \u00e9t\u00e9 d\u2019une richesse \u00e9quivalente \u00e0 celles faites hors de nos fronti\u00e8res. Nos r\u00e9gions sont pleines de merveilles et d\u2019identit\u00e9s affirm\u00e9es, on ne peut pas s\u2019ennuyer.<\/p>\n<p style=\"text-align: left;\"><strong>Concr\u00e8tement des RH responsables et durables, \u00e7a signifie quoi ?<\/strong><\/p>\n<p style=\"text-align: left;\">Les RH sont responsables quand les dirigeants savent reconnaitre la valeur de chaque collaborateur. Elles sont durables quand on f\u00e9d\u00e8re les collaborateurs autour des d\u00e9cisions strat\u00e9giques. Les collaborateurs ont besoin de connaitre leur impact dans le d\u00e9veloppement de leur entreprise, de se projeter pour s\u2019impliquer et s\u2019enrichir. Il faut trouver le bon \u00e9quilibre entre le travail et la reconnaissance.<\/p>\n<p style=\"text-align: left;\"><strong>Le baba du dirigeant responsable, un conseil ?<\/strong><\/p>\n<p style=\"text-align: left;\">Ecouter avant d\u2019agir. Les responsabilit\u00e9s font pression sur les dirigeants. Il est souvent difficile de prendre le recul n\u00e9cessaire pour consid\u00e9rer les enjeux dans leur ensemble et ainsi prendre des d\u00e9cisions justes. L\u2019entreprise est riche de ses collaborateurs qui apportent une vision du terrain pertinente, c\u2019est \u00e0 mon avis la premi\u00e8re \u00e9tape pour un dirigeant.<\/p>\n<p style=\"text-align: left;\"><strong>Et toi quel type de dirigeante es-tu ? D'ailleurs femme ou homme dirigeant quelle est vraiment la diff\u00e9rence ?<\/strong><\/p>\n<p style=\"text-align: left;\">De plus en plus d\u2019entreprises sont dirig\u00e9es par des femmes et je trouve cela tr\u00e8s bien. La mixit\u00e9 est pour moi une richesse, je dois tenir cela de mon parcours professionnel men\u00e9 \u00e0 l\u2019international. Mon ressenti est qu\u2019il y a de moins en moins de diff\u00e9rences entre la femme dirigeante et l\u2019homme dirigeant. Il y a par contre plusieurs types de management, il faut savoir l\u2019adapter face aux situations et enjeux.<\/p>\n<p style=\"text-align: left;\">Je pense \u00eatre une dirigeante leader de terrain. StartUp GetUp n\u2019est pas la premi\u00e8re entreprise que je cr\u00e9e, il s\u2019est pass\u00e9 10 ann\u00e9es entre mes 2 cr\u00e9ations durant lesquelles j\u2019ai gagn\u00e9 en maturit\u00e9 et d\u00e9velopper de nouvelles expertises pour r\u00e9pondre aux besoins des entreprises.<\/p>\n<p style=\"text-align: left;\"><strong>Ton petit truc en plus (un seul truc je sais c'est dur) ?<\/strong><\/p>\n<p style=\"text-align: left;\">Je suis cam\u00e9l\u00e9on. J\u2019aime m\u2019impr\u00e9gner des visions et comprendre les enjeux. Curieuse et \u00e0 l\u2019\u00e9coute, je n\u2019en quitte pas pour autant ma ligne de conduite bord\u00e9e par des valeurs d\u2019\u00e9quit\u00e9s et d\u2019accomplissement de soi.<\/p>\n<p style=\"text-align: left;\"><strong>Si l'on demandait \u00e0 tes anciens coll\u00e8gues ce qu'ils pensent de toi, que diraient-ils ?<\/strong><\/p>\n<p style=\"text-align: left;\">Mes anciens coll\u00e8gues pensent de moi que je suis dynamique, positive et sociable, que je suis investie dans le travail d\u2019\u00e9quipe et communicante. Si j\u2019ai pu \u00eatre parfois un peu rude avec certains employ\u00e9s que je manageais c\u2019\u00e9tait pour les pousser \u00e0 \u00e9voluer. Mes 10 ann\u00e9es de d\u00e9veloppement commercial sont gages de mon go\u00fbt pour l\u2019atteinte d\u2019objectifs.<\/p>\n<p style=\"text-align: left;\"><strong>Le client avec lequel tu r\u00eaverais de travailler ?<\/strong><\/p>\n<p style=\"text-align: left;\">J\u2019aime la diversit\u00e9 des cultures d\u2019entreprises. Il est donc difficile de choisir une entreprise. J\u2019adore travailler pour des startups de green \u00e9conomie. J\u2019aime accompagner les PME du domaine de l\u2019artisanat avec un savoir faire inimitable.<\/p>\n<p style=\"text-align: left;\">Je suis admiratives et reconnaissante envers les salari\u00e9s et dirigeants d'entreprises \u00e0 mission et d'associations. Participer \u00e0 la r\u00e9ussite de leurs projets sociaux donne du sens \u00e0 mon travail.<\/p>\n<p style=\"text-align: left;\">Les coop\u00e9ratives m\u2019int\u00e9ressent aussi \u00e9norm\u00e9ment.<\/p>\n<p style=\"text-align: left;\"><strong>La question que tu r\u00eaverais que je te pose ?<\/strong><\/p>\n<p style=\"text-align: left;\">Quels ont \u00e9t\u00e9 les facteurs clefs du succ\u00e8s\u00a0de StartUp GetUp ? A me poser dans quelques mois\/ann\u00e9es.<\/p>\n<p style=\"text-align: left;\"><a href=\"https:\/\/www.linkedin.com\/in\/clairemaufrais\/\" target=\"_blank\" rel=\"noopener noreferrer\">D\u00e9couvrir l'univers de Claire &gt;&gt;<\/a><\/p>\n\t\t\t\t<\/div>\n\t\t\t<\/div>\n\t\t<\/div>\n\t\t<\/div>\n<\/div>\n<\/div><\/div><\/div><\/div><div id=\"pgc-2-1-1\"  class=\"panel-grid-cell panel-grid-cell-empty\" ><\/div><\/div><\/div><div id=\"pg-2-2\"  class=\"panel-grid panel-has-style\" ><div style=\"padding: 30px 0; \" data-overlay=\"true\" data-overlay-color=\"#000000\" class=\"panel-row-style panel-row-style-for-2-2\" ><div id=\"pgc-2-2-0\"  class=\"panel-grid-cell\" ><div id=\"panel-2-2-0-0\" class=\"so-panel widget widget_sow-headline panel-first-child panel-last-child\" data-index=\"5\" ><div style=\"text-align: left;\" data-title-color=\"#31acbd\" data-headings-color=\"#002060\" class=\"panel-widget-style panel-widget-style-for-2-2-0-0\" ><div class=\"so-widget-sow-headline so-widget-sow-headline-default-8d8ed0dedf8a\"><div class=\"sow-headline-container \">\n\t<h1 class='sow-headline'>Notre \u00e9cosyst\u00e8me de comp\u00e9tences<\/h1>\t\t\t\t\t<div class=\"decoration\">\n\t\t\t\t\t\t<div class=\"decoration-inside\"><\/div>\n\t\t\t\t\t<\/div>\n\t\t\t\t\t<\/div><\/div><\/div><\/div><\/div><\/div><\/div><div id=\"pg-2-3\"  class=\"panel-grid panel-has-style\" ><div class=\"siteorigin-panels-stretch panel-row-style panel-row-style-for-2-3\" style=\"padding: 10px 0; \" data-stretch-type=\"full\" data-overlay=\"true\" data-overlay-color=\"#000000\" ><div id=\"pgc-2-3-0\"  class=\"panel-grid-cell panel-grid-cell-mobile-last\" ><div id=\"panel-2-3-0-0\" class=\"so-panel widget widget_sow-button panel-first-child panel-last-child\" data-index=\"6\" ><div style=\"text-align: left;\" data-title-color=\"#443f3f\" data-headings-color=\"#443f3f\" class=\"panel-widget-style panel-widget-style-for-2-3-0-0\" ><div class=\"so-widget-sow-button so-widget-sow-button-atom-5c9de4d82cbc\"><div class=\"ow-button-base ow-button-align-center\">\n\t<a href=\"https:\/\/startup-getup.com\/en\/\" class=\"ow-icon-placement-left ow-button-hover\" \t\t>\n\t\t<span>\n\t\t\t<span class=\"sow-icon-fontawesome sow-far\" data-sow-icon=\"&#xf191;\"\n\t\tstyle=\"color: #31acbd\" ><\/span>\n\t\t\tAccueil\t\t<\/span>\n\t<\/a>\n<\/div>\n<\/div><\/div><\/div><\/div><div id=\"pgc-2-3-1\"  class=\"panel-grid-cell panel-grid-cell-empty\" ><\/div><\/div><\/div><\/div>","protected":false},"excerpt":{"rendered":"<p>Entrepreneuse, salari\u00e9e, free-lance, alternante, employ\u00e9e, cadre, manager, cadre dirigeante, G\u00e9rante\u2026 En 2019, Claire a obtenu un Master II en Gestion des Ressources Humaines et Responsabilit\u00e9 Sociale des Entreprises \u00e0 L\u2019IAE de Paris-La Sorbonne. Elle a cr\u00e9e StartUp GetUp en 2019 avec pour ambition de contribuer \u00e0 la r\u00e9ussite des entreprises par l\u2019implication sociale. &#8220;J\u2019aime la [&hellip;]<\/p>\n","protected":false},"author":1,"featured_media":0,"parent":48,"menu_order":0,"comment_status":"closed","ping_status":"closed","template":"page-templates\/page_fullwidth.php","meta":[],"yoast_head":"<!-- This site is optimized with the Yoast SEO plugin v14.9 - https:\/\/yoast.com\/wordpress\/plugins\/seo\/ -->\n<title>Page d\u2019exemple - StartUp - GetUp<\/title>\n<meta name=\"robots\" content=\"index, follow, max-snippet:-1, max-image-preview:large, max-video-preview:-1\" \/>\n<link rel=\"canonical\" href=\"https:\/\/startup-getup.com\/page-daccueil\/qui-sommes-nous\/\" \/>\n<meta property=\"og:locale\" content=\"en_US\" \/>\n<meta property=\"og:type\" content=\"article\" \/>\n<meta property=\"og:title\" content=\"[:fr]Qui sommes-nous ?[:en]Page d\u2019exemple[:] - StartUp - GetUp\" \/>\n<meta property=\"og:description\" content=\"Entrepreneuse, salari\u00e9e, free-lance, alternante, employ\u00e9e, cadre, manager, cadre dirigeante, G\u00e9rante\u2026 En 2019, Claire a obtenu un Master II en Gestion des Ressources Humaines et Responsabilit\u00e9 Sociale des Entreprises \u00e0 L\u2019IAE de Paris-La Sorbonne. Elle a cr\u00e9e StartUp GetUp en 2019 avec pour ambition de contribuer \u00e0 la r\u00e9ussite des entreprises par l\u2019implication sociale. &quot;J\u2019aime la [&hellip;]\" \/>\n<meta property=\"og:url\" content=\"https:\/\/startup-getup.com\/page-daccueil\/qui-sommes-nous\/\" \/>\n<meta property=\"og:site_name\" content=\"StartUp - GetUp\" \/>\n<meta property=\"article:modified_time\" content=\"2024-04-25T15:19:29+00:00\" \/>\n<meta name=\"twitter:card\" content=\"summary_large_image\" \/>\n<script type=\"application\/ld+json\" class=\"yoast-schema-graph\">{\"@context\":\"https:\/\/schema.org\",\"@graph\":[{\"@type\":\"WebSite\",\"@id\":\"https:\/\/startup-getup.com\/en\/#website\",\"url\":\"https:\/\/startup-getup.com\/en\/\",\"name\":\"StartUp - GetUp\",\"description\":\"Cr\\u00e9ateurs d\\u2019\\u00e9cosyst\\u00e8mes de comp\\u00e9tences\",\"potentialAction\":[{\"@type\":\"SearchAction\",\"target\":\"https:\/\/startup-getup.com\/en\/?s={search_term_string}\",\"query-input\":\"required name=search_term_string\"}],\"inLanguage\":\"en-US\"},{\"@type\":\"WebPage\",\"@id\":\"https:\/\/startup-getup.com\/page-daccueil\/qui-sommes-nous\/#webpage\",\"url\":\"https:\/\/startup-getup.com\/page-daccueil\/qui-sommes-nous\/\",\"name\":\"[:fr]Qui sommes-nous ?[:en]Page d\\u2019exemple[:] - StartUp - GetUp\",\"isPartOf\":{\"@id\":\"https:\/\/startup-getup.com\/en\/#website\"},\"datePublished\":\"2019-12-03T11:27:13+00:00\",\"dateModified\":\"2024-04-25T15:19:29+00:00\",\"inLanguage\":\"en-US\",\"potentialAction\":[{\"@type\":\"ReadAction\",\"target\":[\"https:\/\/startup-getup.com\/page-daccueil\/qui-sommes-nous\/\"]}]}]}<\/script>\n<!-- \/ Yoast SEO plugin. -->","_links":{"self":[{"href":"https:\/\/startup-getup.com\/en\/wp-json\/wp\/v2\/pages\/2"}],"collection":[{"href":"https:\/\/startup-getup.com\/en\/wp-json\/wp\/v2\/pages"}],"about":[{"href":"https:\/\/startup-getup.com\/en\/wp-json\/wp\/v2\/types\/page"}],"author":[{"embeddable":true,"href":"https:\/\/startup-getup.com\/en\/wp-json\/wp\/v2\/users\/1"}],"replies":[{"embeddable":true,"href":"https:\/\/startup-getup.com\/en\/wp-json\/wp\/v2\/comments?post=2"}],"version-history":[{"count":119,"href":"https:\/\/startup-getup.com\/en\/wp-json\/wp\/v2\/pages\/2\/revisions"}],"predecessor-version":[{"id":1034,"href":"https:\/\/startup-getup.com\/en\/wp-json\/wp\/v2\/pages\/2\/revisions\/1034"}],"up":[{"embeddable":true,"href":"https:\/\/startup-getup.com\/en\/wp-json\/wp\/v2\/pages\/48"}],"wp:attachment":[{"href":"https:\/\/startup-getup.com\/en\/wp-json\/wp\/v2\/media?parent=2"}],"curies":[{"name":"wp","href":"https:\/\/api.w.org\/{rel}","templated":true}]}}