{"id":228,"date":"2020-04-28T17:31:06","date_gmt":"2020-04-28T15:31:06","guid":{"rendered":"https:\/\/startup-getup.com\/?page_id=228"},"modified":"2020-09-22T21:06:50","modified_gmt":"2020-09-22T19:06:50","slug":"notre-methologie","status":"publish","type":"page","link":"https:\/\/startup-getup.com\/en\/page-daccueil\/notre-methologie\/","title":{"rendered":"(Fran\u00e7ais) Notre M\u00e9thologie"},"content":{"rendered":"<div id=\"pl-228\"  class=\"panel-layout\" ><div id=\"pg-228-0\"  class=\"panel-grid panel-has-style\" ><div style=\"padding: 10px 0; \" data-overlay=\"true\" data-overlay-color=\"#000000\" class=\"panel-row-style panel-row-style-for-228-0\" ><div id=\"pgc-228-0-0\"  class=\"panel-grid-cell\" ><div id=\"panel-228-0-0-0\" class=\"so-panel widget widget_sow-headline panel-first-child\" data-index=\"0\" ><div style=\"text-align: left;\" data-title-color=\"#443f3f\" data-headings-color=\"#31acbd\" class=\"panel-widget-style panel-widget-style-for-228-0-0-0\" ><div class=\"so-widget-sow-headline so-widget-sow-headline-default-7a043b2acd39\"><div class=\"sow-headline-container \">\n\t<h2 class='sow-headline'>Diagnostic strat\u00e9gique<\/h2>\t\t\t\t\t<div class=\"decoration\">\n\t\t\t\t\t\t<div class=\"decoration-inside\"><\/div>\n\t\t\t\t\t<\/div>\n\t\t\t\t\t<\/div><\/div><\/div><\/div><div id=\"panel-228-0-0-1\" class=\"so-panel widget widget_sow-editor panel-last-child\" data-index=\"1\" ><div style=\"text-align: left;\" data-title-color=\"#443f3f\" data-headings-color=\"#002060\" class=\"panel-widget-style panel-widget-style-for-228-0-0-1\" ><div class=\"so-widget-sow-editor so-widget-sow-editor-base\">\n<div class=\"siteorigin-widget-tinymce textwidget\">\n\t<h6>Il constitue une \u00e9tape importante.<br \/>\nIl s\u2019agit d\u2019une r\u00e9flexion sur les \u00e9l\u00e9ments structurant vos activit\u00e9s :<\/h6>\n<ul>\n<li>Analyser les diff\u00e9rentes ressources<\/li>\n<li>Identifier ses atouts et ses faiblesses<\/li>\n<li>Analyser les opportunit\u00e9s et les menaces de son environnement<\/li>\n<\/ul>\n<\/div>\n<\/div><\/div><\/div><\/div><\/div><\/div><div id=\"pg-228-1\"  class=\"panel-grid panel-has-style\" ><div class=\"siteorigin-panels-stretch panel-row-style panel-row-style-for-228-1\" style=\"padding: 10px 0; \" data-stretch-type=\"full\" data-overlay=\"true\" data-overlay-color=\"#000000\" ><div id=\"pgc-228-1-0\"  class=\"panel-grid-cell\" ><div id=\"panel-228-1-0-0\" class=\"so-panel widget widget_sow-image panel-first-child panel-last-child\" data-index=\"2\" ><div style=\"text-align: left;\" data-title-color=\"#443f3f\" data-headings-color=\"#443f3f\" class=\"panel-widget-style panel-widget-style-for-228-1-0-0\" ><div class=\"so-widget-sow-image so-widget-sow-image-default-d6014b76747a\">\n\n<div class=\"sow-image-container\">\n\t<img src=\"https:\/\/startup-getup.com\/wp-content\/uploads\/2020\/04\/Image-Diag-strat.png\" width=\"962\" height=\"659\" srcset=\"https:\/\/startup-getup.com\/wp-content\/uploads\/2020\/04\/Image-Diag-strat.png 962w, https:\/\/startup-getup.com\/wp-content\/uploads\/2020\/04\/Image-Diag-strat-300x206.png 300w, https:\/\/startup-getup.com\/wp-content\/uploads\/2020\/04\/Image-Diag-strat-768x526.png 768w, https:\/\/startup-getup.com\/wp-content\/uploads\/2020\/04\/Image-Diag-strat-830x569.png 830w, https:\/\/startup-getup.com\/wp-content\/uploads\/2020\/04\/Image-Diag-strat-230x158.png 230w, https:\/\/startup-getup.com\/wp-content\/uploads\/2020\/04\/Image-Diag-strat-350x240.png 350w, https:\/\/startup-getup.com\/wp-content\/uploads\/2020\/04\/Image-Diag-strat-480x329.png 480w\" sizes=\"(max-width: 962px) 100vw, 962px\" title=\"Diagnostique strat\u00e9gie RH\" alt=\"Strat\u00e9gie Organisation RSE\" \t\tclass=\"so-widget-image\"\/>\n<\/div>\n\n<\/div><\/div><\/div><\/div><\/div><\/div><div id=\"pg-228-2\"  class=\"panel-grid panel-has-style\" ><div class=\"siteorigin-panels-stretch panel-row-style panel-row-style-for-228-2\" style=\"padding: 20px 0; \" data-stretch-type=\"full\" data-overlay=\"true\" data-overlay-color=\"#000000\" ><div id=\"pgc-228-2-0\"  class=\"panel-grid-cell\" ><div id=\"panel-228-2-0-0\" class=\"so-panel widget widget_sow-headline panel-first-child\" data-index=\"3\" ><div style=\"text-align: left;\" class=\"panel-widget-style panel-widget-style-for-228-2-0-0\" ><div class=\"so-widget-sow-headline so-widget-sow-headline-default-7a043b2acd39\"><div class=\"sow-headline-container \">\n\t<h2 class='sow-headline'>GAP Analyse<\/h2>\t\t\t\t\t<div class=\"decoration\">\n\t\t\t\t\t\t<div class=\"decoration-inside\"><\/div>\n\t\t\t\t\t<\/div>\n\t\t\t\t\t<\/div><\/div><\/div><\/div><div id=\"panel-228-2-0-1\" class=\"so-panel widget widget_sow-editor panel-last-child\" data-index=\"4\" ><div style=\"text-align: left;\" data-title-color=\"#443f3f\" data-headings-color=\"#002060\" class=\"panel-widget-style panel-widget-style-for-228-2-0-1\" ><div class=\"so-widget-sow-editor so-widget-sow-editor-base\">\n<div class=\"siteorigin-widget-tinymce textwidget\">\n\t<h6>Comment combler l'\u00e9cart existant entre les objectifs assign\u00e9s \u00e0 un projet et la situation courante ? Pour faciliter cette analyse, voici un outil simple qui pr\u00e9sente l'avantage d'aider \u00e0 d\u00e9finir le \"gap\" \u00e0 franchir pour atteindre l'objectif vis\u00e9. Cette pratique permet d'identifier les leviers d'actions les plus efficaces.<\/h6>\n<\/div>\n<\/div><\/div><\/div><\/div><\/div><\/div><div id=\"pg-228-3\"  class=\"panel-grid panel-has-style\" ><div class=\"siteorigin-panels-stretch panel-row-style panel-row-style-for-228-3\" style=\"padding: 10px 0; \" data-stretch-type=\"full\" data-overlay=\"true\" data-overlay-color=\"#000000\" ><div id=\"pgc-228-3-0\"  class=\"panel-grid-cell\" ><div id=\"panel-228-3-0-0\" class=\"so-panel widget widget_sow-image panel-first-child\" data-index=\"5\" ><div style=\"text-align: left;\" data-title-color=\"#443f3f\" data-headings-color=\"#443f3f\" class=\"panel-widget-style panel-widget-style-for-228-3-0-0\" ><div class=\"so-widget-sow-image so-widget-sow-image-default-d70c3388eec3\">\n\n<div class=\"sow-image-container\">\n\t<img src=\"https:\/\/startup-getup.com\/wp-content\/uploads\/2020\/09\/Image2.png\" width=\"863\" height=\"469\" srcset=\"https:\/\/startup-getup.com\/wp-content\/uploads\/2020\/09\/Image2.png 863w, https:\/\/startup-getup.com\/wp-content\/uploads\/2020\/09\/Image2-300x163.png 300w, https:\/\/startup-getup.com\/wp-content\/uploads\/2020\/09\/Image2-768x417.png 768w, https:\/\/startup-getup.com\/wp-content\/uploads\/2020\/09\/Image2-830x451.png 830w, https:\/\/startup-getup.com\/wp-content\/uploads\/2020\/09\/Image2-230x125.png 230w, https:\/\/startup-getup.com\/wp-content\/uploads\/2020\/09\/Image2-350x190.png 350w, https:\/\/startup-getup.com\/wp-content\/uploads\/2020\/09\/Image2-480x261.png 480w\" sizes=\"(max-width: 863px) 100vw, 863px\" title=\"Diagnostique strat\u00e9gie RH\" alt=\"Strat\u00e9gie Organisation RSE\" \t\tclass=\"so-widget-image\"\/>\n<\/div>\n\n<\/div><\/div><\/div><div id=\"panel-228-3-0-1\" class=\"so-panel widget widget_sow-button panel-last-child\" data-index=\"6\" ><div style=\"text-align: left;\" data-title-color=\"#443f3f\" data-headings-color=\"#443f3f\" class=\"panel-widget-style panel-widget-style-for-228-3-0-1\" ><div class=\"so-widget-sow-button so-widget-sow-button-atom-5c9de4d82cbc\"><div class=\"ow-button-base ow-button-align-center\">\n\t<a href=\"https:\/\/startup-getup.com\/en\/\" class=\"ow-icon-placement-left ow-button-hover\" \t\t>\n\t\t<span>\n\t\t\t<span class=\"sow-icon-fontawesome sow-far\" data-sow-icon=\"&#xf191;\"\n\t\tstyle=\"color: #31acbd\" ><\/span>\n\t\t\tAccueil\t\t<\/span>\n\t<\/a>\n<\/div>\n<\/div><\/div><\/div><\/div><\/div><\/div><\/div>","protected":false},"excerpt":{"rendered":"<p>Il constitue une \u00e9tape importante. Il s\u2019agit d\u2019une r\u00e9flexion sur les \u00e9l\u00e9ments structurant vos activit\u00e9s : Analyser les diff\u00e9rentes ressources Identifier ses atouts et ses faiblesses Analyser les opportunit\u00e9s et les menaces de son environnement<\/p>\n","protected":false},"author":1,"featured_media":0,"parent":48,"menu_order":0,"comment_status":"closed","ping_status":"closed","template":"page-templates\/page_fullwidth.php","meta":[],"yoast_head":"<!-- This site is optimized with the Yoast SEO plugin v14.9 - https:\/\/yoast.com\/wordpress\/plugins\/seo\/ -->\n<title><\/title>\n<meta name=\"robots\" content=\"index, follow, max-snippet:-1, max-image-preview:large, max-video-preview:-1\" \/>\n<link rel=\"canonical\" href=\"https:\/\/startup-getup.com\/page-daccueil\/notre-methologie\/\" \/>\n<meta property=\"og:locale\" content=\"en_US\" \/>\n<meta property=\"og:type\" content=\"article\" \/>\n<meta property=\"og:title\" content=\"[:fr]Notre M\u00e9thologie[:] - StartUp - GetUp\" \/>\n<meta property=\"og:description\" content=\"Il constitue une \u00e9tape importante. Il s\u2019agit d\u2019une r\u00e9flexion sur les \u00e9l\u00e9ments structurant vos activit\u00e9s : Analyser les diff\u00e9rentes ressources Identifier ses atouts et ses faiblesses Analyser les opportunit\u00e9s et les menaces de son environnement\" \/>\n<meta property=\"og:url\" content=\"https:\/\/startup-getup.com\/page-daccueil\/notre-methologie\/\" \/>\n<meta property=\"og:site_name\" content=\"StartUp - GetUp\" \/>\n<meta property=\"article:modified_time\" content=\"2020-09-22T19:06:50+00:00\" \/>\n<meta name=\"twitter:card\" content=\"summary_large_image\" \/>\n<script type=\"application\/ld+json\" class=\"yoast-schema-graph\">{\"@context\":\"https:\/\/schema.org\",\"@graph\":[{\"@type\":\"WebSite\",\"@id\":\"https:\/\/startup-getup.com\/en\/#website\",\"url\":\"https:\/\/startup-getup.com\/en\/\",\"name\":\"StartUp - GetUp\",\"description\":\"Cr\\u00e9ateurs d\\u2019\\u00e9cosyst\\u00e8mes de comp\\u00e9tences\",\"potentialAction\":[{\"@type\":\"SearchAction\",\"target\":\"https:\/\/startup-getup.com\/en\/?s={search_term_string}\",\"query-input\":\"required name=search_term_string\"}],\"inLanguage\":\"en-US\"},{\"@type\":\"WebPage\",\"@id\":\"https:\/\/startup-getup.com\/page-daccueil\/notre-methologie\/#webpage\",\"url\":\"https:\/\/startup-getup.com\/page-daccueil\/notre-methologie\/\",\"name\":\"[:fr]Notre M\\u00e9thologie[:] - StartUp - GetUp\",\"isPartOf\":{\"@id\":\"https:\/\/startup-getup.com\/en\/#website\"},\"datePublished\":\"2020-04-28T15:31:06+00:00\",\"dateModified\":\"2020-09-22T19:06:50+00:00\",\"inLanguage\":\"en-US\",\"potentialAction\":[{\"@type\":\"ReadAction\",\"target\":[\"https:\/\/startup-getup.com\/page-daccueil\/notre-methologie\/\"]}]}]}<\/script>\n<!-- \/ Yoast SEO plugin. -->","_links":{"self":[{"href":"https:\/\/startup-getup.com\/en\/wp-json\/wp\/v2\/pages\/228"}],"collection":[{"href":"https:\/\/startup-getup.com\/en\/wp-json\/wp\/v2\/pages"}],"about":[{"href":"https:\/\/startup-getup.com\/en\/wp-json\/wp\/v2\/types\/page"}],"author":[{"embeddable":true,"href":"https:\/\/startup-getup.com\/en\/wp-json\/wp\/v2\/users\/1"}],"replies":[{"embeddable":true,"href":"https:\/\/startup-getup.com\/en\/wp-json\/wp\/v2\/comments?post=228"}],"version-history":[{"count":32,"href":"https:\/\/startup-getup.com\/en\/wp-json\/wp\/v2\/pages\/228\/revisions"}],"predecessor-version":[{"id":659,"href":"https:\/\/startup-getup.com\/en\/wp-json\/wp\/v2\/pages\/228\/revisions\/659"}],"up":[{"embeddable":true,"href":"https:\/\/startup-getup.com\/en\/wp-json\/wp\/v2\/pages\/48"}],"wp:attachment":[{"href":"https:\/\/startup-getup.com\/en\/wp-json\/wp\/v2\/media?parent=228"}],"curies":[{"name":"wp","href":"https:\/\/api.w.org\/{rel}","templated":true}]}}