{"id":92,"date":"2020-03-20T15:22:36","date_gmt":"2020-03-20T14:22:36","guid":{"rendered":"https:\/\/startup-getup.com\/?page_id=92"},"modified":"2024-04-25T17:21:49","modified_gmt":"2024-04-25T15:21:49","slug":"vos-questions","status":"publish","type":"page","link":"https:\/\/startup-getup.com\/en\/page-daccueil\/vos-questions\/","title":{"rendered":"Vos questions"},"content":{"rendered":"<div id=\"pl-92\"  class=\"panel-layout\" ><div id=\"pg-92-0\"  class=\"panel-grid panel-has-style\" ><div style=\"padding: 100px 0; \" data-overlay=\"true\" data-overlay-color=\"#000000\" class=\"panel-row-style panel-row-style-for-92-0\" ><div id=\"pgc-92-0-0\"  class=\"panel-grid-cell\" ><div id=\"panel-92-0-0-0\" class=\"so-panel widget widget_sow-contact-form panel-first-child panel-last-child\" data-index=\"0\" ><div style=\"text-align: left;\" data-title-color=\"#443f3f\" data-headings-color=\"#443f3f\" class=\"panel-widget-style panel-widget-style-for-92-0-0-0\" ><div class=\"so-widget-sow-contact-form so-widget-sow-contact-form-default-113fb5b4260e\">\t<form action=\"\/en\/wp-json\/wp\/v2\/pages\/92#contact-form-351d\"\n          method=\"POST\" class=\"sow-contact-form\" id=\"contact-form-351d\">\n\n\t\t\n\t\t            <p><em>Les champs marqu\u00e9s d&#039;une * sont obligatoires<\/em><\/p>\n\t\t\t            <div class=\"sow-form-field sow-form-field-name\"><label class=\"sow-form-field-label-above\" for=\"sow-contact-form-field-votre-nom-10874573745e8304c363083692292172\"><strong>Votre nom*<\/strong><\/label>\n\t\t\t<span class=\"sow-field-container\">\t\t<input type=\"text\" name=\"votre-nom-10874573745e8304c363083692292172\" id=\"sow-contact-form-field-votre-nom-10874573745e8304c363083692292172\" value=\"\" class=\"sow-text-field\"\/>\n\t\t<\/span><\/div>            <div class=\"sow-form-field sow-form-field-name\"><label class=\"sow-form-field-label-above\" for=\"sow-contact-form-field-votre-prnom-10874573745e8304c363083692292172\"><strong>Votre pr\u00e9nom<\/strong><\/label>\n\t\t\t<span class=\"sow-field-container\">\t\t<input type=\"text\" name=\"votre-prnom-10874573745e8304c363083692292172\" id=\"sow-contact-form-field-votre-prnom-10874573745e8304c363083692292172\" value=\"\" class=\"sow-text-field\"\/>\n\t\t<\/span><\/div>            <div class=\"sow-form-field sow-form-field-tel\"><label class=\"sow-form-field-label-above\" for=\"sow-contact-form-field-votre-numro-de-tlphone-10874573745e8304c363083692292172\"><strong>Votre num\u00e9ro de t\u00e9l\u00e9phone<\/strong><\/label>\n\t\t\t<span class=\"sow-field-container\">\t\t<input type=\"tel\" name=\"votre-numro-de-tlphone-10874573745e8304c363083692292172\" id=\"sow-contact-form-field-votre-numro-de-tlphone-10874573745e8304c363083692292172\" value=\"\" class=\"sow-text-field\"\/>\n\t\t<\/span><\/div>            <div class=\"sow-form-field sow-form-field-email\"><label class=\"sow-form-field-label-above\" for=\"sow-contact-form-field-votre-adresse-de-messagerie-10874573745e8304c363083692292172\"><strong>Votre adresse de messagerie*<\/strong><\/label>\n\t\t\t<span class=\"sow-field-container\">\t\t<input type=\"email\" name=\"votre-adresse-de-messagerie-10874573745e8304c363083692292172\" id=\"sow-contact-form-field-votre-adresse-de-messagerie-10874573745e8304c363083692292172\" value=\"\" class=\"sow-text-field\"\/>\n\t\t<\/span><\/div>            <div class=\"sow-form-field sow-form-field-textarea\"><label class=\"sow-form-field-label-above\" for=\"sow-contact-form-field-message-10874573745e8304c363083692292172\"><strong>Message*<\/strong><\/label>\n\t\t\t<span class=\"sow-field-container\">\t\t<textarea name=\"message-10874573745e8304c363083692292172\" id=\"sow-contact-form-field-message-10874573745e8304c363083692292172\" rows=\"10\"><\/textarea>\n\t\t<\/span><\/div>\t\t<input type=\"hidden\" name=\"instance_hash\" value=\"351d4be38aa4a5a3c7b859c807bdb891\" \/>\n\t\t<input type=\"hidden\" id=\"_wpnonce\" name=\"_wpnonce\" value=\"7dc5812cc6\" \/><input type=\"hidden\" name=\"_wp_http_referer\" value=\"\/en\/wp-json\/wp\/v2\/pages\/92\" \/>\n\t\t\n\t\t<div class=\"sow-submit-wrapper \">\n\t\t\t<input type=\"submit\" value=\"Contactez-nous\" class=\"sow-submit\"\n\t\t\t\t   \t\t\t>\n\t\t<\/div>\n\t<\/form>\n\t<\/div><\/div><\/div><\/div><div id=\"pgc-92-0-1\"  class=\"panel-grid-cell\" ><div id=\"panel-92-0-1-0\" class=\"so-panel widget widget_sydney_contact_info sydney_contact_info_widget panel-first-child panel-last-child\" data-index=\"1\" ><div style=\"text-align: left;\" data-title-color=\"#443f3f\" data-headings-color=\"#443f3f\" class=\"panel-widget-style panel-widget-style-for-92-0-1-0\" ><h3 class=\"widget-title\">Nous contacter<\/h3><div class=\"contact-phone\"><span><i class=\"sydney-svg-icon\"><svg xmlns=\"http:\/\/www.w3.org\/2000\/svg\" viewBox=\"0 0 512 512\"><path d=\"M497.39 361.8l-112-48a24 24 0 0 0-28 6.9l-49.6 60.6A370.66 370.66 0 0 1 130.6 204.11l60.6-49.6a23.94 23.94 0 0 0 6.9-28l-48-112A24.16 24.16 0 0 0 122.6.61l-104 24A24 24 0 0 0 0 48c0 256.5 207.9 464 464 464a24 24 0 0 0 23.4-18.6l24-104a24.29 24.29 0 0 0-14.01-27.6z\" \/><\/svg><\/i><\/span>0610284939<\/div><div class=\"contact-email\"><span><i class=\"sydney-svg-icon\"><svg xmlns=\"http:\/\/www.w3.org\/2000\/svg\" viewBox=\"0 0 512 512\"><path d=\"M502.3 190.8c3.9-3.1 9.7-.2 9.7 4.7V400c0 26.5-21.5 48-48 48H48c-26.5 0-48-21.5-48-48V195.6c0-5 5.7-7.8 9.7-4.7 22.4 17.4 52.1 39.5 154.1 113.6 21.1 15.4 56.7 47.8 92.2 47.6 35.7.3 72-32.8 92.3-47.6 102-74.1 131.6-96.3 154-113.7zM256 320c23.2.4 56.6-29.2 73.4-41.4 132.7-96.3 142.8-104.7 173.4-128.7 5.8-4.5 9.2-11.5 9.2-18.9v-19c0-26.5-21.5-48-48-48H48C21.5 64 0 85.5 0 112v19c0 7.4 3.4 14.3 9.2 18.9 30.6 23.9 40.7 32.4 173.4 128.7 16.8 12.2 50.2 41.8 73.4 41.4z\" \/><\/svg><\/i><\/span><a href=\"mailto:cont&#97;c&#116;&#64;&#115;ta&#114;&#116;&#117;p&#45;&#103;et&#117;p.com\">cont&#97;c&#116;&#64;&#115;ta&#114;&#116;&#117;p&#45;&#103;et&#117;p.com<\/a><\/div><\/div><\/div><\/div><\/div><\/div><div id=\"pg-92-1\"  class=\"panel-grid panel-has-style\" ><div style=\"padding: 2px 0; \" data-overlay=\"true\" data-overlay-color=\"#000000\" class=\"panel-row-style panel-row-style-for-92-1\" ><div id=\"pgc-92-1-0\"  class=\"panel-grid-cell\" ><div id=\"panel-92-1-0-0\" class=\"so-panel widget widget_sow-editor panel-first-child\" data-index=\"2\" ><div style=\"text-align: left;\" data-title-color=\"#443f3f\" data-headings-color=\"#443f3f\" class=\"panel-widget-style panel-widget-style-for-92-1-0-0\" ><div class=\"so-widget-sow-editor so-widget-sow-editor-base\">\n<div class=\"siteorigin-widget-tinymce textwidget\">\n\t<p><em><strong>RGPD :<\/strong> Dans le cadre de la r\u00e9glementation g\u00e9n\u00e9rale de protection de vos donn\u00e9es, nous vous garantissons l'utilisation de vos donn\u00e9es uniquement dans le cadre de notre r\u00e9ponse \u00e0 votre demande et dans l'ajout \u00e0 notre liste de diffusion de nos communications. Vous pourrez vous d\u00e9sabonner \u00e0 tout moment par retour d'email.\u00a0<\/em><\/p>\n<p><a href=\"https:\/\/startup-getup.com\/page-daccueil\/qui-sommes-nous\/politique-de-confidentialite\/\">Notre politique de confidentialit\u00e9 =&gt;<\/a><\/p>\n<\/div>\n<\/div><\/div><\/div><div id=\"panel-92-1-0-1\" class=\"so-panel widget widget_sow-button panel-last-child\" data-index=\"3\" ><div style=\"text-align: left;\" data-title-color=\"#443f3f\" data-headings-color=\"#443f3f\" class=\"panel-widget-style panel-widget-style-for-92-1-0-1\" ><div class=\"so-widget-sow-button so-widget-sow-button-atom-5c9de4d82cbc\"><div class=\"ow-button-base ow-button-align-center\">\n\t<a href=\"https:\/\/startup-getup.com\/en\/\" class=\"ow-icon-placement-left ow-button-hover\" \t\t>\n\t\t<span>\n\t\t\t<span class=\"sow-icon-fontawesome sow-far\" data-sow-icon=\"&#xf191;\"\n\t\tstyle=\"color: #31acbd\" ><\/span>\n\t\t\tAccueil\t\t<\/span>\n\t<\/a>\n<\/div>\n<\/div><\/div><\/div><\/div><\/div><\/div><\/div>","protected":false},"excerpt":{"rendered":"<p>RGPD : Dans le cadre de la r\u00e9glementation g\u00e9n\u00e9rale de protection de vos donn\u00e9es, nous vous garantissons l&#8217;utilisation de vos donn\u00e9es uniquement dans le cadre de notre r\u00e9ponse \u00e0 votre demande et dans l&#8217;ajout \u00e0 notre liste de diffusion de nos communications. Vous pourrez vous d\u00e9sabonner \u00e0 tout moment par retour d&#8217;email.\u00a0 Notre politique de [&hellip;]<\/p>\n","protected":false},"author":1,"featured_media":0,"parent":48,"menu_order":0,"comment_status":"closed","ping_status":"closed","template":"page-templates\/page_fullwidth.php","meta":[],"yoast_head":"<!-- This site is optimized with the Yoast SEO plugin v14.9 - https:\/\/yoast.com\/wordpress\/plugins\/seo\/ -->\n<title>Vos questions - StartUp - GetUp<\/title>\n<meta name=\"robots\" content=\"index, follow, max-snippet:-1, max-image-preview:large, max-video-preview:-1\" \/>\n<link rel=\"canonical\" href=\"https:\/\/startup-getup.com\/page-daccueil\/vos-questions\/\" \/>\n<meta property=\"og:locale\" content=\"en_US\" \/>\n<meta property=\"og:type\" content=\"article\" \/>\n<meta property=\"og:title\" content=\"[:fr]Nous contacter[:en]Vos questions[:] - StartUp - GetUp\" \/>\n<meta property=\"og:description\" content=\"RGPD : Dans le cadre de la r\u00e9glementation g\u00e9n\u00e9rale de protection de vos donn\u00e9es, nous vous garantissons l&#039;utilisation de vos donn\u00e9es uniquement dans le cadre de notre r\u00e9ponse \u00e0 votre demande et dans l&#039;ajout \u00e0 notre liste de diffusion de nos communications. Vous pourrez vous d\u00e9sabonner \u00e0 tout moment par retour d&#039;email.\u00a0 Notre politique de [&hellip;]\" \/>\n<meta property=\"og:url\" content=\"https:\/\/startup-getup.com\/page-daccueil\/vos-questions\/\" \/>\n<meta property=\"og:site_name\" content=\"StartUp - GetUp\" \/>\n<meta property=\"article:modified_time\" content=\"2024-04-25T15:21:49+00:00\" \/>\n<meta name=\"twitter:card\" content=\"summary_large_image\" \/>\n<script type=\"application\/ld+json\" class=\"yoast-schema-graph\">{\"@context\":\"https:\/\/schema.org\",\"@graph\":[{\"@type\":\"WebSite\",\"@id\":\"https:\/\/startup-getup.com\/en\/#website\",\"url\":\"https:\/\/startup-getup.com\/en\/\",\"name\":\"StartUp - GetUp\",\"description\":\"Cr\\u00e9ateurs d\\u2019\\u00e9cosyst\\u00e8mes de comp\\u00e9tences\",\"potentialAction\":[{\"@type\":\"SearchAction\",\"target\":\"https:\/\/startup-getup.com\/en\/?s={search_term_string}\",\"query-input\":\"required name=search_term_string\"}],\"inLanguage\":\"en-US\"},{\"@type\":\"WebPage\",\"@id\":\"https:\/\/startup-getup.com\/page-daccueil\/vos-questions\/#webpage\",\"url\":\"https:\/\/startup-getup.com\/page-daccueil\/vos-questions\/\",\"name\":\"[:fr]Nous contacter[:en]Vos questions[:] - StartUp - GetUp\",\"isPartOf\":{\"@id\":\"https:\/\/startup-getup.com\/en\/#website\"},\"datePublished\":\"2020-03-20T14:22:36+00:00\",\"dateModified\":\"2024-04-25T15:21:49+00:00\",\"inLanguage\":\"en-US\",\"potentialAction\":[{\"@type\":\"ReadAction\",\"target\":[\"https:\/\/startup-getup.com\/page-daccueil\/vos-questions\/\"]}]}]}<\/script>\n<!-- \/ Yoast SEO plugin. -->","_links":{"self":[{"href":"https:\/\/startup-getup.com\/en\/wp-json\/wp\/v2\/pages\/92"}],"collection":[{"href":"https:\/\/startup-getup.com\/en\/wp-json\/wp\/v2\/pages"}],"about":[{"href":"https:\/\/startup-getup.com\/en\/wp-json\/wp\/v2\/types\/page"}],"author":[{"embeddable":true,"href":"https:\/\/startup-getup.com\/en\/wp-json\/wp\/v2\/users\/1"}],"replies":[{"embeddable":true,"href":"https:\/\/startup-getup.com\/en\/wp-json\/wp\/v2\/comments?post=92"}],"version-history":[{"count":31,"href":"https:\/\/startup-getup.com\/en\/wp-json\/wp\/v2\/pages\/92\/revisions"}],"predecessor-version":[{"id":1036,"href":"https:\/\/startup-getup.com\/en\/wp-json\/wp\/v2\/pages\/92\/revisions\/1036"}],"up":[{"embeddable":true,"href":"https:\/\/startup-getup.com\/en\/wp-json\/wp\/v2\/pages\/48"}],"wp:attachment":[{"href":"https:\/\/startup-getup.com\/en\/wp-json\/wp\/v2\/media?parent=92"}],"curies":[{"name":"wp","href":"https:\/\/api.w.org\/{rel}","templated":true}]}}